{"id":699,"date":"2025-07-02T21:04:36","date_gmt":"2025-07-02T19:04:36","guid":{"rendered":"https:\/\/www.redbeard.fun\/archive\/"},"modified":"2025-10-25T13:43:08","modified_gmt":"2025-10-25T11:43:08","slug":"archive","status":"publish","type":"page","link":"https:\/\/www.redbeard.fun\/en\/archive\/","title":{"rendered":"ARCHIVE"},"content":{"rendered":"\n<div class=\"wp-block-query is-layout-flow wp-block-query-is-layout-flow\">\n<div class=\"wp-block-group has-global-padding is-layout-constrained wp-block-group-is-layout-constrained\"><ul class=\"wp-block-latest-posts__list is-grid columns-3 has-dates aligncenter wp-block-latest-posts\"><li><a class=\"wp-block-latest-posts__post-title\" href=\"https:\/\/www.redbeard.fun\/en\/rba-gt\/\">RBA GT<\/a><time datetime=\"2026-03-10T06:56:01+01:00\" class=\"wp-block-latest-posts__post-date\">10. 3. 2026<\/time><div class=\"wp-block-latest-posts__post-excerpt\">Grand final of the season<\/div><\/li>\n<li><a class=\"wp-block-latest-posts__post-title\" href=\"https:\/\/www.redbeard.fun\/en\/warhammer-lore-clan-moulder-christmas-competition\/\">Warhammer LORE &#8211; Clan Moulder + Christmas Competition<\/a><time datetime=\"2025-12-14T23:22:45+01:00\" class=\"wp-block-latest-posts__post-date\">14. 12. 2025<\/time><div class=\"wp-block-latest-posts__post-excerpt\">Warhammer LORE &#8211; Clan Moulder + Christmas Competition<\/div><\/li>\n<li><a class=\"wp-block-latest-posts__post-title\" href=\"https:\/\/www.redbeard.fun\/en\/the-big-christmas-redbeard-cup-merch-contest\/\">The Big Christmas RedBeard Cup Merch Contest!<\/a><time datetime=\"2025-12-14T23:12:00+01:00\" class=\"wp-block-latest-posts__post-date\">14. 12. 2025<\/time><div class=\"wp-block-latest-posts__post-excerpt\">The Big Christmas RedBeard Cup Merch Contest!<\/div><\/li>\n<li><a class=\"wp-block-latest-posts__post-title\" href=\"https:\/\/www.redbeard.fun\/en\/rba-cup-report\/\">RBA Cup Report<\/a><time datetime=\"2025-10-27T22:28:40+01:00\" class=\"wp-block-latest-posts__post-date\">27. 10. 2025<\/time><div class=\"wp-block-latest-posts__post-excerpt\">Report from RBA Cup + competition<\/div><\/li>\n<li><a class=\"wp-block-latest-posts__post-title\" href=\"https:\/\/www.redbeard.fun\/en\/rba-cup-tournament-report\/\">RBA Cup &#8211; Tournament Report<\/a><time datetime=\"2025-10-25T13:35:04+02:00\" class=\"wp-block-latest-posts__post-date\">25. 10. 2025<\/time><div class=\"wp-block-latest-posts__post-excerpt\">RBA Cup &#8211; Tournament Report and Competition<\/div><\/li>\n<li><a class=\"wp-block-latest-posts__post-title\" href=\"https:\/\/www.redbeard.fun\/en\/who-owns-the-tournaments-in-moravia-interview-with-the-head-of-the-rba\/\">Who owns the tournaments in Moravia? &#8211; Interview with the head of the RBA<\/a><time datetime=\"2025-10-20T15:07:32+02:00\" class=\"wp-block-latest-posts__post-date\">20. 10. 2025<\/time><div class=\"wp-block-latest-posts__post-excerpt\">Who owns the tournaments in Moravia? &#8211; Interview with the head of RBC <\/div><\/li>\n<li><a class=\"wp-block-latest-posts__post-title\" href=\"https:\/\/www.redbeard.fun\/en\/warhammer-lore-imperial-school-of-engineering\/\">Warhammer LORE &#8211; Imperial School of Engineering<\/a><time datetime=\"2025-10-05T20:57:12+02:00\" class=\"wp-block-latest-posts__post-date\">5. 10. 2025<\/time><div class=\"wp-block-latest-posts__post-excerpt\">&#8220;Jamalalicha? Jamalalicha. Jamalalicha, i paprtyala, ch\u00e1nua, ch\u00e1nua, e ch\u00e1nua, e ch\u00e1nua, jalala, jalala-a, a paprtyala&#8230;\npatlama, patlama, patlama, patlama, and jrtyala!&#8221;\n Karl Franz: &#8220;Hmm! There you go! We don&#8217;t understand him, but we trust him.&#8221;<\/div><\/li>\n<li><a class=\"wp-block-latest-posts__post-title\" href=\"https:\/\/www.redbeard.fun\/en\/the-second-war-of-armageddon\/\">The Second War of Armageddon<\/a><time datetime=\"2025-09-18T11:11:56+02:00\" class=\"wp-block-latest-posts__post-date\">18. 9. 2025<\/time><div class=\"wp-block-latest-posts__post-excerpt\">Warhammer 40 000 LORE<\/div><\/li>\n<li><a class=\"wp-block-latest-posts__post-title\" href=\"https:\/\/www.redbeard.fun\/en\/teaser-for-the-new-imperial-knights\/\">Teaser for the new Imperial Knights<\/a><time datetime=\"2025-09-18T11:10:11+02:00\" class=\"wp-block-latest-posts__post-date\">18. 9. 2025<\/time><div class=\"wp-block-latest-posts__post-excerpt\">what can we look forward to? \/\/ Just not at all, filmed before the balance&#8230; <\/div><\/li>\n<li><a class=\"wp-block-latest-posts__post-title\" href=\"https:\/\/www.redbeard.fun\/en\/new-space-marine-detache\/\">New Space Marine detache<\/a><time datetime=\"2025-09-18T11:08:38+02:00\" class=\"wp-block-latest-posts__post-date\">18. 9. 2025<\/time><div class=\"wp-block-latest-posts__post-excerpt\">Potential for competitive play or are they just for fluffies?<\/div><\/li>\n<li><a class=\"wp-block-latest-posts__post-title\" href=\"https:\/\/www.redbeard.fun\/en\/redberads-cup-2025\/\">RedBerads Cup 2025<\/a><time datetime=\"2025-09-07T18:38:19+02:00\" class=\"wp-block-latest-posts__post-date\">7. 9. 2025<\/time><div class=\"wp-block-latest-posts__post-excerpt\">Invitation to the RBA Cup<\/div><\/li>\n<li><a class=\"wp-block-latest-posts__post-title\" href=\"https:\/\/www.redbeard.fun\/en\/wtc-2025-pod-phase-and-things-around\/\">WTC 2025 &#8211; Pod Phase and things around<\/a><time datetime=\"2025-08-19T19:20:28+02:00\" class=\"wp-block-latest-posts__post-date\">19. 8. 2025<\/time><div class=\"wp-block-latest-posts__post-excerpt\">Q\/A<\/div><\/li>\n<li><a class=\"wp-block-latest-posts__post-title\" href=\"https:\/\/www.redbeard.fun\/en\/warhammer-in-hodonin\/\">Warhammer in Hodonin<\/a><time datetime=\"2025-08-11T20:21:59+02:00\" class=\"wp-block-latest-posts__post-date\">11. 8. 2025<\/time><div class=\"wp-block-latest-posts__post-excerpt\">New 40k community<\/div><\/li>\n<li><a class=\"wp-block-latest-posts__post-title\" href=\"https:\/\/www.redbeard.fun\/en\/how-to-clock-and-time-management\/\">How to clock and time management<\/a><time datetime=\"2025-07-29T21:24:00+02:00\" class=\"wp-block-latest-posts__post-date\">29. 7. 2025<\/time><div class=\"wp-block-latest-posts__post-excerpt\">How to finish a game in a tournament within the time limit<\/div><\/li>\n<li><a class=\"wp-block-latest-posts__post-title\" href=\"https:\/\/www.redbeard.fun\/en\/guardians-of-the-star-garden\/\">Guardians of the Star Garden<\/a><time datetime=\"2025-07-27T19:06:33+02:00\" class=\"wp-block-latest-posts__post-date\">27. 7. 2025<\/time><div class=\"wp-block-latest-posts__post-excerpt\">40k fairy tale for the undersized<\/div><\/li>\n<li><a class=\"wp-block-latest-posts__post-title\" href=\"https:\/\/www.redbeard.fun\/en\/tier-list-for-singles-tournaments\/\">Tier List for Singles Tournaments<\/a><time datetime=\"2025-07-25T08:30:31+02:00\" class=\"wp-block-latest-posts__post-date\">25. 7. 2025<\/time><div class=\"wp-block-latest-posts__post-excerpt\">We have prepared the first tierlist for you! We rate each faction by its potential for singles tournaments \ud83c\udfb2<\/div><\/li>\n<li><a class=\"wp-block-latest-posts__post-title\" href=\"https:\/\/www.redbeard.fun\/en\/warhammer-40-000-lore-night-lords\/\">Warhammer 40 000 LORE &#8211; Night Lords<\/a><time datetime=\"2025-07-24T10:34:10+02:00\" class=\"wp-block-latest-posts__post-date\">24. 7. 2025<\/time><div class=\"wp-block-latest-posts__post-excerpt\">skreeeee<\/div><\/li>\n<li><a class=\"wp-block-latest-posts__post-title\" href=\"https:\/\/www.redbeard.fun\/en\/wtc-group-2025-from-the-perspective-of-the-czech-team-competition\/\">WTC Group 2025 from the perspective of the Czech team + COMPETITION<\/a><time datetime=\"2025-07-23T19:50:28+02:00\" class=\"wp-block-latest-posts__post-date\">23. 7. 2025<\/time><div class=\"wp-block-latest-posts__post-excerpt\">Under Phase of this year&#8217;s WTC<\/div><\/li>\n<li><a class=\"wp-block-latest-posts__post-title\" href=\"https:\/\/www.redbeard.fun\/en\/warhammer-40-000-lore-first-war-of-armageddon\/\">Warhammer 40 000 LORE &#8211; First War of Armageddon<\/a><time datetime=\"2025-07-22T10:39:36+02:00\" class=\"wp-block-latest-posts__post-date\">22. 7. 2025<\/time><div class=\"wp-block-latest-posts__post-excerpt\">The First War of Armageddon or&#8230;Honor or Purity<\/div><\/li>\n<li><a class=\"wp-block-latest-posts__post-title\" href=\"https:\/\/www.redbeard.fun\/en\/summary-of-changes-from-shadow-faq-9-7-25\/\">Summary of changes from Shadow FAQ 9. 7. 25<\/a><time datetime=\"2025-07-21T09:20:55+02:00\" class=\"wp-block-latest-posts__post-date\">21. 7. 2025<\/time><div class=\"wp-block-latest-posts__post-excerpt\">Wednesday&#8217;s Shadow FAQ summary now on YouTube<\/div><\/li>\n<li><a class=\"wp-block-latest-posts__post-title\" href=\"https:\/\/www.redbeard.fun\/en\/be-better-10-questions-to-ask-before-playing-40k\/\">Be better! 10 questions to ask before playing 40k<\/a><time datetime=\"2025-07-21T09:18:10+02:00\" class=\"wp-block-latest-posts__post-date\">21. 7. 2025<\/time><div class=\"wp-block-latest-posts__post-excerpt\">How to quickly assess your opponent&#8217;s army and not get caught off guard<\/div><\/li>\n<li><a class=\"wp-block-latest-posts__post-title\" href=\"https:\/\/www.redbeard.fun\/en\/new-combat-patrols-for-tyranids-black-templars-and-space-wolves\/\">New Combat Patrols for Tyranids, Black Templars and Space Wolves<\/a><time datetime=\"2025-07-15T10:00:46+02:00\" class=\"wp-block-latest-posts__post-date\">15. 7. 2025<\/time><div class=\"wp-block-latest-posts__post-excerpt\">New Combat Patrols<\/div><\/li>\n<li><a class=\"wp-block-latest-posts__post-title\" href=\"https:\/\/www.redbeard.fun\/en\/be-better-10-tips-to-prepare-for-the-tournament\/\">Be better! 10 tips to prepare for the tournament<\/a><time datetime=\"2025-07-15T07:54:28+02:00\" class=\"wp-block-latest-posts__post-date\">15. 7. 2025<\/time><div class=\"wp-block-latest-posts__post-excerpt\"><\/div><\/li>\n<li><a class=\"wp-block-latest-posts__post-title\" href=\"https:\/\/www.redbeard.fun\/en\/be-better-pairing-matrix-basics-for-40k-team-tournaments\/\">Be better! Pairing matrix basics for 40k team tournaments<\/a><time datetime=\"2025-07-15T07:50:40+02:00\" class=\"wp-block-latest-posts__post-date\">15. 7. 2025<\/time><div class=\"wp-block-latest-posts__post-excerpt\"><\/div><\/li>\n<li><a class=\"wp-block-latest-posts__post-title\" href=\"https:\/\/www.redbeard.fun\/en\/rb-challenge\/\">RB Challenge<\/a><time datetime=\"2025-07-02T18:35:09+02:00\" class=\"wp-block-latest-posts__post-date\">2. 7. 2025<\/time><div class=\"wp-block-latest-posts__post-excerpt\">A new competition series is born &#8211; RB CHALLENGE.\nFast, fast-paced, exciting. In the heart of Moravia. Three rounds. One day. And no mistakes.<\/div><\/li>\n<li><a class=\"wp-block-latest-posts__post-title\" href=\"https:\/\/www.redbeard.fun\/en\/warhammer-40-000-lore-introduction\/\">Warhammer \/ 40 000 LORE &#8211; Introduction<\/a><time datetime=\"2025-07-02T09:05:04+02:00\" class=\"wp-block-latest-posts__post-date\">2. 7. 2025<\/time><div class=\"wp-block-latest-posts__post-excerpt\">A new addition to the LORE family, hopefully you&#8217;ll like it as much as I do \ud83d\ude00 \ud83d\ude42 \nLORE starts at 6:05<\/div><\/li>\n<li><a class=\"wp-block-latest-posts__post-title\" href=\"https:\/\/www.redbeard.fun\/en\/imperial-knights-update-nerf-or-buff\/\">Imperial Knights update: nerf or buff?!<\/a><time datetime=\"2025-07-01T20:33:29+02:00\" class=\"wp-block-latest-posts__post-date\">1. 7. 2025<\/time><div class=\"wp-block-latest-posts__post-excerpt\">In this short video, we take a look at the latest &#8220;secret&#8221; update to Imperial Knights and what impact it will have on the current base.<\/div><\/li>\n<li><a class=\"wp-block-latest-posts__post-title\" href=\"https:\/\/www.redbeard.fun\/en\/new-for-tournament-play-the-chapter-approved-mission-deck-2025-26\/\">New for tournament play: the Chapter Approved Mission Deck 2025-26<\/a><time datetime=\"2025-07-01T20:31:47+02:00\" class=\"wp-block-latest-posts__post-date\">1. 7. 2025<\/time><div class=\"wp-block-latest-posts__post-excerpt\">Together we will discuss the new features and changes from the previous edition of tournament cards.<\/div><\/li>\n<li><a class=\"wp-block-latest-posts__post-title\" href=\"https:\/\/www.redbeard.fun\/en\/how-to-play-new-details-from-june-balance-dataslate\/\">How to play New Details from June Balance dataslate?<\/a><time datetime=\"2025-07-01T20:22:22+02:00\" class=\"wp-block-latest-posts__post-date\">1. 7. 2025<\/time><div class=\"wp-block-latest-posts__post-excerpt\">We took a look at what the new Subterranean Assault, Wrath of the Rock and Cabal of Sorcerers can do. You will learn not only the interpretation of the rules, but also which units you get the most out of and where to start building your ideal army.<\/div><\/li>\n<li><a class=\"wp-block-latest-posts__post-title\" href=\"https:\/\/www.redbeard.fun\/en\/introduction\/\">INTRODUCTION<\/a><time datetime=\"2025-06-30T11:45:15+02:00\" class=\"wp-block-latest-posts__post-date\">30. 6. 2025<\/time><div class=\"wp-block-latest-posts__post-excerpt\">&#8230;or when three dads want to change the world of dice for the better<\/div><\/li>\n<\/ul><\/div>\n<\/div>\n","protected":false},"excerpt":{"rendered":"","protected":false},"author":2,"featured_media":0,"parent":0,"menu_order":0,"comment_status":"closed","ping_status":"closed","template":"","meta":{"_acf_changed":false,"footnotes":""},"class_list":["post-699","page","type-page","status-publish","hentry"],"acf":[],"_links":{"self":[{"href":"https:\/\/www.redbeard.fun\/en\/wp-json\/wp\/v2\/pages\/699","targetHints":{"allow":["GET"]}}],"collection":[{"href":"https:\/\/www.redbeard.fun\/en\/wp-json\/wp\/v2\/pages"}],"about":[{"href":"https:\/\/www.redbeard.fun\/en\/wp-json\/wp\/v2\/types\/page"}],"author":[{"embeddable":true,"href":"https:\/\/www.redbeard.fun\/en\/wp-json\/wp\/v2\/users\/2"}],"replies":[{"embeddable":true,"href":"https:\/\/www.redbeard.fun\/en\/wp-json\/wp\/v2\/comments?post=699"}],"version-history":[{"count":1,"href":"https:\/\/www.redbeard.fun\/en\/wp-json\/wp\/v2\/pages\/699\/revisions"}],"predecessor-version":[{"id":700,"href":"https:\/\/www.redbeard.fun\/en\/wp-json\/wp\/v2\/pages\/699\/revisions\/700"}],"wp:attachment":[{"href":"https:\/\/www.redbeard.fun\/en\/wp-json\/wp\/v2\/media?parent=699"}],"curies":[{"name":"wp","href":"https:\/\/api.w.org\/{rel}","templated":true}]}}